{"id":1556,"date":"2023-02-14T14:48:30","date_gmt":"2023-02-14T13:48:30","guid":{"rendered":"https:\/\/kreativnadvojica.sk\/web-stranky\/"},"modified":"2023-02-23T15:06:45","modified_gmt":"2023-02-23T14:06:45","slug":"websites","status":"publish","type":"page","link":"https:\/\/kreativnadvojica.sk\/en\/websites\/","title":{"rendered":"Websites"},"content":{"rendered":"","protected":false},"excerpt":{"rendered":"<p>A nice and functional website can not only boost your company&#8217;s image, but mainly boost your sales. With our help, it will become a full-fledged conversion tool for your business. <\/p>\n","protected":false},"author":3,"featured_media":1570,"parent":0,"menu_order":0,"comment_status":"closed","ping_status":"closed","template":"page-service-detail.php","meta":{"_acf_changed":false,"inline_featured_image":false,"footnotes":""},"acf":[],"yoast_head":"<!-- This site is optimized with the Yoast SEO plugin v22.5 - https:\/\/yoast.com\/wordpress\/plugins\/seo\/ -->\n<title>Websites - Kreat\u00edvna Dvojica<\/title>\n<meta name=\"description\" content=\"A nice and functional website can not only boost your company&#039;s image, but mainly boost your sales. With our help, it will become a full-fledged conversion tool for your business.\" \/>\n<meta name=\"robots\" content=\"index, follow, max-snippet:-1, max-image-preview:large, max-video-preview:-1\" \/>\n<link rel=\"canonical\" href=\"https:\/\/kreativnadvojica.sk\/en\/websites\/\" \/>\n<meta property=\"og:locale\" content=\"en_US\" \/>\n<meta property=\"og:type\" content=\"article\" \/>\n<meta property=\"og:title\" content=\"How we do it: Websites\" \/>\n<meta property=\"og:description\" content=\"A nice and functional website can not only boost your company&#039;s image, but mainly boost your sales. With our help, it will become a full-fledged conversion tool for your business.\" \/>\n<meta property=\"og:url\" content=\"https:\/\/kreativnadvojica.sk\/en\/websites\/\" \/>\n<meta property=\"og:site_name\" content=\"Kreat\u00edvna Dvojica\" \/>\n<meta property=\"og:image\" content=\"https:\/\/kreativnadvojica.sk\/wp-content\/uploads\/2023\/02\/websites.png\" \/>\n\t<meta property=\"og:image:width\" content=\"1200\" \/>\n\t<meta property=\"og:image:height\" content=\"628\" \/>\n\t<meta property=\"og:image:type\" content=\"image\/png\" \/>\n<meta name=\"twitter:card\" content=\"summary_large_image\" \/>\n<script type=\"application\/ld+json\" class=\"yoast-schema-graph\">{\"@context\":\"https:\/\/schema.org\",\"@graph\":[{\"@type\":\"WebPage\",\"@id\":\"https:\/\/kreativnadvojica.sk\/en\/websites\/\",\"url\":\"https:\/\/kreativnadvojica.sk\/en\/websites\/\",\"name\":\"Websites - Kreat\u00edvna Dvojica\",\"isPartOf\":{\"@id\":\"https:\/\/kreativnadvojica.sk\/#website\"},\"primaryImageOfPage\":{\"@id\":\"https:\/\/kreativnadvojica.sk\/en\/websites\/#primaryimage\"},\"image\":{\"@id\":\"https:\/\/kreativnadvojica.sk\/en\/websites\/#primaryimage\"},\"thumbnailUrl\":\"https:\/\/kreativnadvojica.sk\/wp-content\/uploads\/2023\/02\/websites.png\",\"datePublished\":\"2023-02-14T13:48:30+00:00\",\"dateModified\":\"2023-02-23T14:06:45+00:00\",\"description\":\"A nice and functional website can not only boost your company's image, but mainly boost your sales. With our help, it will become a full-fledged conversion tool for your business.\",\"breadcrumb\":{\"@id\":\"https:\/\/kreativnadvojica.sk\/en\/websites\/#breadcrumb\"},\"inLanguage\":\"en-US\",\"potentialAction\":[{\"@type\":\"ReadAction\",\"target\":[\"https:\/\/kreativnadvojica.sk\/en\/websites\/\"]}]},{\"@type\":\"ImageObject\",\"inLanguage\":\"en-US\",\"@id\":\"https:\/\/kreativnadvojica.sk\/en\/websites\/#primaryimage\",\"url\":\"https:\/\/kreativnadvojica.sk\/wp-content\/uploads\/2023\/02\/websites.png\",\"contentUrl\":\"https:\/\/kreativnadvojica.sk\/wp-content\/uploads\/2023\/02\/websites.png\",\"width\":1200,\"height\":628},{\"@type\":\"BreadcrumbList\",\"@id\":\"https:\/\/kreativnadvojica.sk\/en\/websites\/#breadcrumb\",\"itemListElement\":[{\"@type\":\"ListItem\",\"position\":1,\"name\":\"Domov\",\"item\":\"https:\/\/kreativnadvojica.sk\/en\/\"},{\"@type\":\"ListItem\",\"position\":2,\"name\":\"Websites\"}]},{\"@type\":\"WebSite\",\"@id\":\"https:\/\/kreativnadvojica.sk\/#website\",\"url\":\"https:\/\/kreativnadvojica.sk\/\",\"name\":\"Kreat\u00edvna Dvojica\",\"description\":\"Kreat\u00edvna reklamn\u00e1 agent\u00fara\",\"potentialAction\":[{\"@type\":\"SearchAction\",\"target\":{\"@type\":\"EntryPoint\",\"urlTemplate\":\"https:\/\/kreativnadvojica.sk\/?s={search_term_string}\"},\"query-input\":\"required name=search_term_string\"}],\"inLanguage\":\"en-US\"}]}<\/script>\n<!-- \/ Yoast SEO plugin. -->","yoast_head_json":{"title":"Websites - Kreat\u00edvna Dvojica","description":"A nice and functional website can not only boost your company's image, but mainly boost your sales. With our help, it will become a full-fledged conversion tool for your business.","robots":{"index":"index","follow":"follow","max-snippet":"max-snippet:-1","max-image-preview":"max-image-preview:large","max-video-preview":"max-video-preview:-1"},"canonical":"https:\/\/kreativnadvojica.sk\/en\/websites\/","og_locale":"en_US","og_type":"article","og_title":"How we do it: Websites","og_description":"A nice and functional website can not only boost your company's image, but mainly boost your sales. With our help, it will become a full-fledged conversion tool for your business.","og_url":"https:\/\/kreativnadvojica.sk\/en\/websites\/","og_site_name":"Kreat\u00edvna Dvojica","og_image":[{"width":1200,"height":628,"url":"https:\/\/kreativnadvojica.sk\/wp-content\/uploads\/2023\/02\/websites.png","type":"image\/png"}],"twitter_card":"summary_large_image","schema":{"@context":"https:\/\/schema.org","@graph":[{"@type":"WebPage","@id":"https:\/\/kreativnadvojica.sk\/en\/websites\/","url":"https:\/\/kreativnadvojica.sk\/en\/websites\/","name":"Websites - Kreat\u00edvna Dvojica","isPartOf":{"@id":"https:\/\/kreativnadvojica.sk\/#website"},"primaryImageOfPage":{"@id":"https:\/\/kreativnadvojica.sk\/en\/websites\/#primaryimage"},"image":{"@id":"https:\/\/kreativnadvojica.sk\/en\/websites\/#primaryimage"},"thumbnailUrl":"https:\/\/kreativnadvojica.sk\/wp-content\/uploads\/2023\/02\/websites.png","datePublished":"2023-02-14T13:48:30+00:00","dateModified":"2023-02-23T14:06:45+00:00","description":"A nice and functional website can not only boost your company's image, but mainly boost your sales. With our help, it will become a full-fledged conversion tool for your business.","breadcrumb":{"@id":"https:\/\/kreativnadvojica.sk\/en\/websites\/#breadcrumb"},"inLanguage":"en-US","potentialAction":[{"@type":"ReadAction","target":["https:\/\/kreativnadvojica.sk\/en\/websites\/"]}]},{"@type":"ImageObject","inLanguage":"en-US","@id":"https:\/\/kreativnadvojica.sk\/en\/websites\/#primaryimage","url":"https:\/\/kreativnadvojica.sk\/wp-content\/uploads\/2023\/02\/websites.png","contentUrl":"https:\/\/kreativnadvojica.sk\/wp-content\/uploads\/2023\/02\/websites.png","width":1200,"height":628},{"@type":"BreadcrumbList","@id":"https:\/\/kreativnadvojica.sk\/en\/websites\/#breadcrumb","itemListElement":[{"@type":"ListItem","position":1,"name":"Domov","item":"https:\/\/kreativnadvojica.sk\/en\/"},{"@type":"ListItem","position":2,"name":"Websites"}]},{"@type":"WebSite","@id":"https:\/\/kreativnadvojica.sk\/#website","url":"https:\/\/kreativnadvojica.sk\/","name":"Kreat\u00edvna Dvojica","description":"Kreat\u00edvna reklamn\u00e1 agent\u00fara","potentialAction":[{"@type":"SearchAction","target":{"@type":"EntryPoint","urlTemplate":"https:\/\/kreativnadvojica.sk\/?s={search_term_string}"},"query-input":"required name=search_term_string"}],"inLanguage":"en-US"}]}},"_links":{"self":[{"href":"https:\/\/kreativnadvojica.sk\/en\/wp-json\/wp\/v2\/pages\/1556"}],"collection":[{"href":"https:\/\/kreativnadvojica.sk\/en\/wp-json\/wp\/v2\/pages"}],"about":[{"href":"https:\/\/kreativnadvojica.sk\/en\/wp-json\/wp\/v2\/types\/page"}],"author":[{"embeddable":true,"href":"https:\/\/kreativnadvojica.sk\/en\/wp-json\/wp\/v2\/users\/3"}],"replies":[{"embeddable":true,"href":"https:\/\/kreativnadvojica.sk\/en\/wp-json\/wp\/v2\/comments?post=1556"}],"version-history":[{"count":5,"href":"https:\/\/kreativnadvojica.sk\/en\/wp-json\/wp\/v2\/pages\/1556\/revisions"}],"predecessor-version":[{"id":1581,"href":"https:\/\/kreativnadvojica.sk\/en\/wp-json\/wp\/v2\/pages\/1556\/revisions\/1581"}],"wp:featuredmedia":[{"embeddable":true,"href":"https:\/\/kreativnadvojica.sk\/en\/wp-json\/wp\/v2\/media\/1570"}],"wp:attachment":[{"href":"https:\/\/kreativnadvojica.sk\/en\/wp-json\/wp\/v2\/media?parent=1556"}],"curies":[{"name":"wp","href":"https:\/\/api.w.org\/{rel}","templated":true}]}}