{"id":608,"date":"2021-06-15T15:13:19","date_gmt":"2021-06-15T13:13:19","guid":{"rendered":"https:\/\/kreativnadvojica.sk\/co-robime\/"},"modified":"2026-04-23T14:00:49","modified_gmt":"2026-04-23T12:00:49","slug":"what-we-do","status":"publish","type":"page","link":"https:\/\/kreativnadvojica.sk\/en\/what-we-do\/","title":{"rendered":"What we do"},"content":{"rendered":"","protected":false},"excerpt":{"rendered":"","protected":false},"author":1,"featured_media":0,"parent":0,"menu_order":0,"comment_status":"closed","ping_status":"closed","template":"page-services.php","meta":{"_acf_changed":false,"inline_featured_image":false,"footnotes":""},"acf":[],"yoast_head":"<!-- This site is optimized with the Yoast SEO plugin v22.5 - https:\/\/yoast.com\/wordpress\/plugins\/seo\/ -->\n<title>What we do - Kreat\u00edvna Dvojica<\/title>\n<meta name=\"description\" content=\"We like a good challenge. As a full-service agency, we enjoy creating online as much as offline because we know that a great idea works across all mediums.\" \/>\n<meta name=\"robots\" content=\"index, follow, max-snippet:-1, max-image-preview:large, max-video-preview:-1\" \/>\n<link rel=\"canonical\" href=\"https:\/\/kreativnadvojica.sk\/en\/what-we-do\/\" \/>\n<meta property=\"og:locale\" content=\"en_US\" \/>\n<meta property=\"og:type\" content=\"article\" \/>\n<meta property=\"og:title\" content=\"What we do - Kreat\u00edvna Dvojica\" \/>\n<meta property=\"og:description\" content=\"We like a good challenge. As a full-service agency, we enjoy creating online as much as offline because we know that a great idea works across all mediums.\" \/>\n<meta property=\"og:url\" content=\"https:\/\/kreativnadvojica.sk\/en\/what-we-do\/\" \/>\n<meta property=\"og:site_name\" content=\"Kreat\u00edvna Dvojica\" \/>\n<meta property=\"og:image\" content=\"https:\/\/kreativnadvojica.sk\/wp-content\/uploads\/2021\/07\/co-robime.png\" \/>\n\t<meta property=\"og:image:width\" content=\"1200\" \/>\n\t<meta property=\"og:image:height\" content=\"628\" \/>\n\t<meta property=\"og:image:type\" content=\"image\/png\" \/>\n<meta name=\"twitter:card\" content=\"summary_large_image\" \/>\n<script type=\"application\/ld+json\" class=\"yoast-schema-graph\">{\"@context\":\"https:\/\/schema.org\",\"@graph\":[{\"@type\":\"WebPage\",\"@id\":\"https:\/\/kreativnadvojica.sk\/en\/what-we-do\/\",\"url\":\"https:\/\/kreativnadvojica.sk\/en\/what-we-do\/\",\"name\":\"What we do - Kreat\u00edvna Dvojica\",\"isPartOf\":{\"@id\":\"https:\/\/kreativnadvojica.sk\/#website\"},\"datePublished\":\"2021-06-15T13:13:19+00:00\",\"dateModified\":\"2026-04-23T12:00:49+00:00\",\"description\":\"We like a good challenge. As a full-service agency, we enjoy creating online as much as offline because we know that a great idea works across all mediums.\",\"breadcrumb\":{\"@id\":\"https:\/\/kreativnadvojica.sk\/en\/what-we-do\/#breadcrumb\"},\"inLanguage\":\"en-US\",\"potentialAction\":[{\"@type\":\"ReadAction\",\"target\":[\"https:\/\/kreativnadvojica.sk\/en\/what-we-do\/\"]}]},{\"@type\":\"BreadcrumbList\",\"@id\":\"https:\/\/kreativnadvojica.sk\/en\/what-we-do\/#breadcrumb\",\"itemListElement\":[{\"@type\":\"ListItem\",\"position\":1,\"name\":\"Domov\",\"item\":\"https:\/\/kreativnadvojica.sk\/en\/\"},{\"@type\":\"ListItem\",\"position\":2,\"name\":\"What we do\"}]},{\"@type\":\"WebSite\",\"@id\":\"https:\/\/kreativnadvojica.sk\/#website\",\"url\":\"https:\/\/kreativnadvojica.sk\/\",\"name\":\"Kreat\u00edvna Dvojica\",\"description\":\"Kreat\u00edvna reklamn\u00e1 agent\u00fara\",\"potentialAction\":[{\"@type\":\"SearchAction\",\"target\":{\"@type\":\"EntryPoint\",\"urlTemplate\":\"https:\/\/kreativnadvojica.sk\/?s={search_term_string}\"},\"query-input\":\"required name=search_term_string\"}],\"inLanguage\":\"en-US\"}]}<\/script>\n<!-- \/ Yoast SEO plugin. -->","yoast_head_json":{"title":"What we do - Kreat\u00edvna Dvojica","description":"We like a good challenge. As a full-service agency, we enjoy creating online as much as offline because we know that a great idea works across all mediums.","robots":{"index":"index","follow":"follow","max-snippet":"max-snippet:-1","max-image-preview":"max-image-preview:large","max-video-preview":"max-video-preview:-1"},"canonical":"https:\/\/kreativnadvojica.sk\/en\/what-we-do\/","og_locale":"en_US","og_type":"article","og_title":"What we do - Kreat\u00edvna Dvojica","og_description":"We like a good challenge. As a full-service agency, we enjoy creating online as much as offline because we know that a great idea works across all mediums.","og_url":"https:\/\/kreativnadvojica.sk\/en\/what-we-do\/","og_site_name":"Kreat\u00edvna Dvojica","og_image":[{"width":1200,"height":628,"url":"https:\/\/kreativnadvojica.sk\/wp-content\/uploads\/2021\/07\/co-robime.png","type":"image\/png"}],"twitter_card":"summary_large_image","schema":{"@context":"https:\/\/schema.org","@graph":[{"@type":"WebPage","@id":"https:\/\/kreativnadvojica.sk\/en\/what-we-do\/","url":"https:\/\/kreativnadvojica.sk\/en\/what-we-do\/","name":"What we do - Kreat\u00edvna Dvojica","isPartOf":{"@id":"https:\/\/kreativnadvojica.sk\/#website"},"datePublished":"2021-06-15T13:13:19+00:00","dateModified":"2026-04-23T12:00:49+00:00","description":"We like a good challenge. As a full-service agency, we enjoy creating online as much as offline because we know that a great idea works across all mediums.","breadcrumb":{"@id":"https:\/\/kreativnadvojica.sk\/en\/what-we-do\/#breadcrumb"},"inLanguage":"en-US","potentialAction":[{"@type":"ReadAction","target":["https:\/\/kreativnadvojica.sk\/en\/what-we-do\/"]}]},{"@type":"BreadcrumbList","@id":"https:\/\/kreativnadvojica.sk\/en\/what-we-do\/#breadcrumb","itemListElement":[{"@type":"ListItem","position":1,"name":"Domov","item":"https:\/\/kreativnadvojica.sk\/en\/"},{"@type":"ListItem","position":2,"name":"What we do"}]},{"@type":"WebSite","@id":"https:\/\/kreativnadvojica.sk\/#website","url":"https:\/\/kreativnadvojica.sk\/","name":"Kreat\u00edvna Dvojica","description":"Kreat\u00edvna reklamn\u00e1 agent\u00fara","potentialAction":[{"@type":"SearchAction","target":{"@type":"EntryPoint","urlTemplate":"https:\/\/kreativnadvojica.sk\/?s={search_term_string}"},"query-input":"required name=search_term_string"}],"inLanguage":"en-US"}]}},"_links":{"self":[{"href":"https:\/\/kreativnadvojica.sk\/en\/wp-json\/wp\/v2\/pages\/608"}],"collection":[{"href":"https:\/\/kreativnadvojica.sk\/en\/wp-json\/wp\/v2\/pages"}],"about":[{"href":"https:\/\/kreativnadvojica.sk\/en\/wp-json\/wp\/v2\/types\/page"}],"author":[{"embeddable":true,"href":"https:\/\/kreativnadvojica.sk\/en\/wp-json\/wp\/v2\/users\/1"}],"replies":[{"embeddable":true,"href":"https:\/\/kreativnadvojica.sk\/en\/wp-json\/wp\/v2\/comments?post=608"}],"version-history":[{"count":22,"href":"https:\/\/kreativnadvojica.sk\/en\/wp-json\/wp\/v2\/pages\/608\/revisions"}],"predecessor-version":[{"id":2220,"href":"https:\/\/kreativnadvojica.sk\/en\/wp-json\/wp\/v2\/pages\/608\/revisions\/2220"}],"wp:attachment":[{"href":"https:\/\/kreativnadvojica.sk\/en\/wp-json\/wp\/v2\/media?parent=608"}],"curies":[{"name":"wp","href":"https:\/\/api.w.org\/{rel}","templated":true}]}}